{"id":5417,"date":"2025-04-11T06:11:25","date_gmt":"2025-04-11T04:11:25","guid":{"rendered":"https:\/\/www.accademiadellearti.it\/artistic-research-and-production\/farms-and-projects\/"},"modified":"2025-04-11T06:17:03","modified_gmt":"2025-04-11T04:17:03","slug":"farms-and-projects","status":"publish","type":"page","link":"https:\/\/www.accademiadellearti.it\/en\/artistic-research-and-production\/farms-and-projects\/","title":{"rendered":"Farms and projects"},"content":{"rendered":"<div class=\"wpb-content-wrapper\"><p>[vc_row el_class=&#8221;boxed-snodo&#8221;][vc_column width=&#8221;7\/12&#8243;][vc_column_text css=&#8221;&#8221;]AANT teaching is based on an integrated project that can combine moments of theoretical learning with practical opportunities in collaboration with institutional entities and national and international brands.<\/p>\n<p>For this reason, farms and projects with selected partners among the most well-known and prestigious enrich the training course with concrete experiences.<\/p>\n<p>Farms are extra-curricular opportunities to measure oneself on complex briefs and applications of what has been learned in the three-year course. These are temporary communication agencies and design studios, made up of students and coordinated by teachers, trained ad hoc to participate in contests or respond to the needs of real clients. Valuable hybridisation experiences are needed to put into practice the skills acquired from a highly professional perspective.<\/p>\n<p>Projects, an integral part of the educational plan, are a fundamental opportunity to engage in experimental and research briefs. These activities involve students in very transversal teams, which are confronted with the real needs expressed by cultural associations, public bodies, institutions and multinationals.<\/p>\n<p>These are just some concrete teaching experiences helpful in obtaining the diploma\u2014opportunities of great educational value to deal with work in a protected environment.[\/vc_column_text][vc_row_inner][vc_column_inner][vc_column_text css=&#8221;&#8221;]<div class=\"custom-post-grid columns-2\" style=\"grid-template-columns: repeat(2, 1fr);\">\n            <div class=\"grid-item bottoM\">\n                <div class=\"grid-thumbnail\" style=\"background-image: url(https:\/\/www.accademiadellearti.it\/wp-content\/uploads\/2026\/02\/FAR_CARD-797x1024.jpg);\">\n                    <div class=\"overlay-content overlay-content-4\">\n                        <div class=\"overlay-content-desc\">\n                            <h3 class=\"grid-title\">FAR &#8211; Festival dell&#8217;Architettura di Roma 2025<\/h3>\n                            <p class=\"grid-excerpt\">AANT wins the FAR 2025 Call for Projects with an urban installation.<\/p>\n                           <a href=\"https:\/\/www.accademiadellearti.it\/en\/farm\/far-festival-dellarchitettura-di-roma-2025\/\" class=\"grid-links\">Explore<span class=\"font-codex\">&gt;<\/span><\/a>\n                        <\/div>\n                    <\/div>\n                <\/div>\n            <\/div>\n            <div class=\"grid-item bottoM\">\n                <div class=\"grid-thumbnail\" style=\"background-image: url(https:\/\/www.accademiadellearti.it\/wp-content\/uploads\/2025\/04\/CARD_DANESI-1024x633.png);\">\n                    <div class=\"overlay-content overlay-content-4\">\n                        <div class=\"overlay-content-desc\">\n                            <h3 class=\"grid-title\">Lyden af Ruinerne: The Sound of the Ruins<\/h3>\n                            <p class=\"grid-excerpt\">Looking at Rome through new eyes<\/p>\n                           <a href=\"https:\/\/www.accademiadellearti.it\/en\/farm\/lyden-af-ruinerne-il-suono-delle-rovine\/\" class=\"grid-links\">Explore<span class=\"font-codex\">&gt;<\/span><\/a>\n                        <\/div>\n                    <\/div>\n                <\/div>\n            <\/div>\n            <div class=\"grid-item bottoM\">\n                <div class=\"grid-thumbnail\" style=\"background-image: url(https:\/\/www.accademiadellearti.it\/wp-content\/uploads\/2025\/04\/CARD_JJ.png);\">\n                    <div class=\"overlay-content overlay-content-4\">\n                        <div class=\"overlay-content-desc\">\n                            <h3 class=\"grid-title\">JO&#038;JOE:  brand positioning, brand image ed engagement<\/h3>\n                            <p class=\"grid-excerpt\">A project for value proposition and redefining the concept of hospitality<\/p>\n                           <a href=\"https:\/\/www.accademiadellearti.it\/en\/farm\/jojoe-brand-positioning-brand-image-ed-engagement\/\" class=\"grid-links\">Explore<span class=\"font-codex\">&gt;<\/span><\/a>\n                        <\/div>\n                    <\/div>\n                <\/div>\n            <\/div>\n            <div class=\"grid-item bottoM\">\n                <div class=\"grid-thumbnail\" style=\"background-image: url(https:\/\/www.accademiadellearti.it\/wp-content\/uploads\/2025\/04\/CARD_spot-aant-1024x911.png);\">\n                    <div class=\"overlay-content overlay-content-4\">\n                        <div class=\"overlay-content-desc\">\n                            <h3 class=\"grid-title\">AANT: spot \u201cAANT Dreamers&#8221;<\/h3>\n                            <p class=\"grid-excerpt\">A commercial created by AANT students<\/p>\n                           <a href=\"https:\/\/www.accademiadellearti.it\/en\/farm\/aant-spot-aant-dreamers\/\" class=\"grid-links\">Explore<span class=\"font-codex\">&gt;<\/span><\/a>\n                        <\/div>\n                    <\/div>\n                <\/div>\n            <\/div>\n            <div class=\"grid-item bottoM\">\n                <div class=\"grid-thumbnail\" style=\"background-image: url(https:\/\/www.accademiadellearti.it\/wp-content\/uploads\/2025\/04\/CARD-urban-vision-1024x911.png);\">\n                    <div class=\"overlay-content overlay-content-4\">\n                        <div class=\"overlay-content-desc\">\n                            <h3 class=\"grid-title\">Urban Vision: building brand reputation<\/h3>\n                            <p class=\"grid-excerpt\">Developing the brand\u2019s visual identity<\/p>\n                           <a href=\"https:\/\/www.accademiadellearti.it\/en\/farm\/urban-vision-costruire-la-brand-reputation\/\" class=\"grid-links\">Explore<span class=\"font-codex\">&gt;<\/span><\/a>\n                        <\/div>\n                    <\/div>\n                <\/div>\n            <\/div>\n            <div class=\"grid-item bottoM\">\n                <div class=\"grid-thumbnail\" style=\"background-image: url(https:\/\/www.accademiadellearti.it\/wp-content\/uploads\/2025\/04\/CARD-gen_cinema-1024x911.png);\">\n                    <div class=\"overlay-content overlay-content-4\">\n                        <div class=\"overlay-content-desc\">\n                            <h3 class=\"grid-title\">Generazione Cinema: identity e storytelling<\/h3>\n                            <p class=\"grid-excerpt\">A project against bullying, early school leaving, and vulnerability<\/p>\n                           <a href=\"https:\/\/www.accademiadellearti.it\/en\/farm\/generazione-cinema-identity-e-storytelling\/\" class=\"grid-links\">Explore<span class=\"font-codex\">&gt;<\/span><\/a>\n                        <\/div>\n                    <\/div>\n                <\/div>\n            <\/div>\n            <div class=\"grid-item bottoM\">\n                <div class=\"grid-thumbnail\" style=\"background-image: url(https:\/\/www.accademiadellearti.it\/wp-content\/uploads\/2025\/04\/CARD_CASTELLO_ERRANTE-1024x1024.png);\">\n                    <div class=\"overlay-content overlay-content-4\">\n                        <div class=\"overlay-content-desc\">\n                            <h3 class=\"grid-title\">Castello Errante: telling an extraordinary story<\/h3>\n                            <p class=\"grid-excerpt\">Digital activities planned and produced by AANT students<\/p>\n                           <a href=\"https:\/\/www.accademiadellearti.it\/en\/farm\/castello-errante-raccontare-una-realta-fuori-dal-comune\/\" class=\"grid-links\">Explore<span class=\"font-codex\">&gt;<\/span><\/a>\n                        <\/div>\n                    <\/div>\n                <\/div>\n            <\/div>\n            <div class=\"grid-item bottoM\">\n                <div class=\"grid-thumbnail\" style=\"background-image: url(https:\/\/www.accademiadellearti.it\/wp-content\/uploads\/2025\/04\/CARD-pigneto-1024x911.png);\">\n                    <div class=\"overlay-content overlay-content-4\">\n                        <div class=\"overlay-content-desc\">\n                            <h3 class=\"grid-title\">Pigneto Film Festival: tra il documentario e il cin\u00e9ma v\u00e9rit\u00e9<\/h3>\n                            <p class=\"grid-excerpt\">Reportages and documentaries about the festival\u2019s host neighbourhood<\/p>\n                           <a href=\"https:\/\/www.accademiadellearti.it\/en\/farm\/pigneto-film-festival-tra-il-documentario-e-il-cinema-verite\/\" class=\"grid-links\">Explore<span class=\"font-codex\">&gt;<\/span><\/a>\n                        <\/div>\n                    <\/div>\n                <\/div>\n            <\/div>\n            <div class=\"grid-item bottoM\">\n                <div class=\"grid-thumbnail\" style=\"background-image: url(https:\/\/www.accademiadellearti.it\/wp-content\/uploads\/2025\/04\/CARD-aeroporti-1024x911.png);\">\n                    <div class=\"overlay-content overlay-content-4\">\n                        <div class=\"overlay-content-desc\">\n                            <h3 class=\"grid-title\">Aeroporti di Roma &#8211; Terminal 1: \u201cItalian History \/ Italian Stories\u201d<\/h3>\n                            <p class=\"grid-excerpt\">Italian identity narrated through Design<\/p>\n                           <a href=\"https:\/\/www.accademiadellearti.it\/en\/farm\/aeroporti-di-roma-terminal-1-italian-history-italian-stories\/\" class=\"grid-links\">Explore<span class=\"font-codex\">&gt;<\/span><\/a>\n                        <\/div>\n                    <\/div>\n                <\/div>\n            <\/div>\n            <div class=\"grid-item bottoM\">\n                <div class=\"grid-thumbnail\" style=\"background-image: url(https:\/\/www.accademiadellearti.it\/wp-content\/uploads\/2025\/04\/CARD-cmidw-1024x911.png);\">\n                    <div class=\"overlay-content overlay-content-4\">\n                        <div class=\"overlay-content-desc\">\n                            <h3 class=\"grid-title\">Underdog: \u201cCold Moon in deep water\u201d, the first Italian music video created with AI<\/h3>\n                            <p class=\"grid-excerpt\">The first Italian music video created with AI<\/p>\n                           <a href=\"https:\/\/www.accademiadellearti.it\/en\/farm\/underdog-cold-moon-in-deep-water-il-primo-videoclip-italiano-realizzato-con-lia\/\" class=\"grid-links\">Explore<span class=\"font-codex\">&gt;<\/span><\/a>\n                        <\/div>\n                    <\/div>\n                <\/div>\n            <\/div>\n            <div class=\"grid-item bottoM\">\n                <div class=\"grid-thumbnail\" style=\"background-image: url(https:\/\/www.accademiadellearti.it\/wp-content\/uploads\/2025\/04\/1-7-1001x1024.png);\">\n                    <div class=\"overlay-content overlay-content-4\">\n                        <div class=\"overlay-content-desc\">\n                            <h3 class=\"grid-title\">Parco Archeologico del Colosseo: Tempus Captum, analisi ed esplorazione fotografica.<\/h3>\n                            <p class=\"grid-excerpt\">A photographic exhibition on the world\u2019s most visited archaeological park<\/p>\n                           <a href=\"https:\/\/www.accademiadellearti.it\/en\/farm\/parco-archeologico-del-colosseo-tempus-captum-analisi-ed-esplorazione-fotografica\/\" class=\"grid-links\">Explore<span class=\"font-codex\">&gt;<\/span><\/a>\n                        <\/div>\n                    <\/div>\n                <\/div>\n            <\/div>\n            <div class=\"grid-item bottoM\">\n                <div class=\"grid-thumbnail\" style=\"background-image: url(https:\/\/www.accademiadellearti.it\/wp-content\/uploads\/2025\/04\/CARD-paaa-1024x911.png);\">\n                    <div class=\"overlay-content overlay-content-4\">\n                        <div class=\"overlay-content-desc\">\n                            <h3 class=\"grid-title\">Parco Archeologico dell&#8217;Appia Antica: documentare un restauro<\/h3>\n                            <p class=\"grid-excerpt\">A photographic exhibition on the world\u2019s most visited archaeological park.<\/p>\n                           <a href=\"https:\/\/www.accademiadellearti.it\/en\/farm\/aant-per-il-parco-archeologico-dellappia-antica-documentare-un-restauro\/\" class=\"grid-links\">Explore<span class=\"font-codex\">&gt;<\/span><\/a>\n                        <\/div>\n                    <\/div>\n                <\/div>\n            <\/div>\n            <div class=\"grid-item bottoM\">\n                <div class=\"grid-thumbnail\" style=\"background-image: url(https:\/\/www.accademiadellearti.it\/wp-content\/uploads\/2025\/04\/CARD-mercedes-1024x911.png);\">\n                    <div class=\"overlay-content overlay-content-4\">\n                        <div class=\"overlay-content-desc\">\n                            <h3 class=\"grid-title\">Mercedes-Benz: Innovation Contest 2023<\/h3>\n                            <p class=\"grid-excerpt\">AANT students on the podium of an international competition.<\/p>\n                           <a href=\"https:\/\/www.accademiadellearti.it\/en\/farm\/aant-per-mercedes-benz-innovation-contest-2023\/\" class=\"grid-links\">Explore<span class=\"font-codex\">&gt;<\/span><\/a>\n                        <\/div>\n                    <\/div>\n                <\/div>\n            <\/div><\/div><br \/>\n[\/vc_column_text][\/vc_column_inner][\/vc_row_inner][\/vc_column][vc_column width=&#8221;5\/12&#8243; eewpb_sticky_section=&#8221;yes&#8221; sticky_top_position=&#8221;200&#8243;][vc_wp_custommenu nav_menu=&#8221;48&#8243; el_class=&#8221;sidebar-menu&#8221;][\/vc_column][\/vc_row][vc_row css=&#8221;.vc_custom_1722876138633{margin-top: 30px !important;}&#8221; el_class=&#8221;cta-standard sx videocta&#8221;][vc_column][vc_column_text css=&#8221;&#8221;]<\/p>\n<div class=\"grid-item\">\n<div class=\"grid-thumbnail video-background\">\n<p><video class=\"background-video\" autoplay=\"autoplay\" loop=\"loop\" muted=\"\" width=\"300\" height=\"150\"><br \/><source src=\"http:\/\/www.accademiadellearti.it\/wp-content\/uploads\/2024\/07\/BANNER_GENERICO.mp4\" type=\"video\/mp4\" \/><br \/>\nYour browser does not support the video tag.<br \/><\/video><\/p>\n<div class=\"overlay-content overlay-content-1\">\n<div class=\"overlay-content-desc\">\n<h3 class=\"grid-title\">Let\u2019s have a chat, become AANT people<\/h3>\n<h5 class=\"grid-subtitle\">AANT is in ROME<\/h5>\n<p class=\"grid-excerpt\">Fill out the form, and one of our tutors will contact you to answer your questions!<\/p>\n<p><a class=\"grid-links\" href=\"https:\/\/www.accademiadellearti.it\/contatti\/\">Contact us <span class=\"font-codex\">&gt;<\/span><\/a><\/div>\n<\/div>\n<\/div>\n<\/div>\n<p>[\/vc_column_text][\/vc_column][\/vc_row]<\/p>\n<\/div>","protected":false},"excerpt":{"rendered":"<p>[vc_row el_class=&#8221;boxed-snodo&#8221;][vc_column width=&#8221;7\/12&#8243;][vc_column_text css=&#8221;&#8221;]AANT teaching is based on an integrated project that can combine moments of theoretical learning with practical opportunities in collaboration with institutional entities and national and international brands. For this reason, farms and projects with selected partners among the most well-known and prestigious enrich the training course with concrete experiences. Farms are [&hellip;]<\/p>\n","protected":false},"author":1,"featured_media":0,"parent":5085,"menu_order":0,"comment_status":"closed","ping_status":"closed","template":"","meta":{"inline_featured_image":false,"footnotes":""},"class_list":["post-5417","page","type-page","status-publish","hentry"],"yoast_head":"<!-- This site is optimized with the Yoast SEO Premium plugin v26.2 (Yoast SEO v26.3) - https:\/\/yoast.com\/wordpress\/plugins\/seo\/ -->\n<title>Farms and projects - Accademia delle arti e nuove tecnologie<\/title>\n<meta name=\"robots\" content=\"index, follow, max-snippet:-1, max-image-preview:large, max-video-preview:-1\" \/>\n<link rel=\"canonical\" href=\"https:\/\/www.accademiadellearti.it\/en\/artistic-research-and-production\/farms-and-projects\/\" \/>\n<meta property=\"og:locale\" content=\"en_US\" \/>\n<meta property=\"og:type\" content=\"article\" \/>\n<meta property=\"og:title\" content=\"Farms and projects\" \/>\n<meta property=\"og:description\" content=\"[vc_row el_class=&#8221;boxed-snodo&#8221;][vc_column width=&#8221;7\/12&#8243;][vc_column_text css=&#8221;&#8221;]AANT teaching is based on an integrated project that can combine moments of theoretical learning with practical opportunities in collaboration with institutional entities and national and international brands. For this reason, farms and projects with selected partners among the most well-known and prestigious enrich the training course with concrete experiences. Farms are [&hellip;]\" \/>\n<meta property=\"og:url\" content=\"https:\/\/www.accademiadellearti.it\/en\/artistic-research-and-production\/farms-and-projects\/\" \/>\n<meta property=\"og:site_name\" content=\"Accademia delle arti e nuove tecnologie\" \/>\n<meta property=\"article:modified_time\" content=\"2025-04-11T04:17:03+00:00\" \/>\n<meta name=\"twitter:card\" content=\"summary_large_image\" \/>\n<meta name=\"twitter:label1\" content=\"Est. reading time\" \/>\n\t<meta name=\"twitter:data1\" content=\"2 minutes\" \/>\n<script type=\"application\/ld+json\" class=\"yoast-schema-graph\">{\"@context\":\"https:\/\/schema.org\",\"@graph\":[{\"@type\":\"WebPage\",\"@id\":\"https:\/\/www.accademiadellearti.it\/en\/artistic-research-and-production\/farms-and-projects\/\",\"url\":\"https:\/\/www.accademiadellearti.it\/en\/artistic-research-and-production\/farms-and-projects\/\",\"name\":\"Farms and projects - Accademia delle arti e nuove tecnologie\",\"isPartOf\":{\"@id\":\"https:\/\/www.accademiadellearti.it\/#website\"},\"datePublished\":\"2025-04-11T04:11:25+00:00\",\"dateModified\":\"2025-04-11T04:17:03+00:00\",\"breadcrumb\":{\"@id\":\"https:\/\/www.accademiadellearti.it\/en\/artistic-research-and-production\/farms-and-projects\/#breadcrumb\"},\"inLanguage\":\"en-US\",\"potentialAction\":[{\"@type\":\"ReadAction\",\"target\":[\"https:\/\/www.accademiadellearti.it\/en\/artistic-research-and-production\/farms-and-projects\/\"]}]},{\"@type\":\"BreadcrumbList\",\"@id\":\"https:\/\/www.accademiadellearti.it\/en\/artistic-research-and-production\/farms-and-projects\/#breadcrumb\",\"itemListElement\":[{\"@type\":\"ListItem\",\"position\":1,\"name\":\"Home\",\"item\":\"https:\/\/www.accademiadellearti.it\/en\/\"},{\"@type\":\"ListItem\",\"position\":2,\"name\":\"Artistic research and production\",\"item\":\"https:\/\/www.accademiadellearti.it\/artistic-research-and-production\/\"},{\"@type\":\"ListItem\",\"position\":3,\"name\":\"Farms and projects\"}]},{\"@type\":\"WebSite\",\"@id\":\"https:\/\/www.accademiadellearti.it\/#website\",\"url\":\"https:\/\/www.accademiadellearti.it\/\",\"name\":\"Accademia delle arti e nuove tecnologie\",\"description\":\"\",\"publisher\":{\"@id\":\"https:\/\/www.accademiadellearti.it\/#organization\"},\"potentialAction\":[{\"@type\":\"SearchAction\",\"target\":{\"@type\":\"EntryPoint\",\"urlTemplate\":\"https:\/\/www.accademiadellearti.it\/?s={search_term_string}\"},\"query-input\":{\"@type\":\"PropertyValueSpecification\",\"valueRequired\":true,\"valueName\":\"search_term_string\"}}],\"inLanguage\":\"en-US\"},{\"@type\":\"Organization\",\"@id\":\"https:\/\/www.accademiadellearti.it\/#organization\",\"name\":\"Accademia delle arti e nuove tecnologie\",\"url\":\"https:\/\/www.accademiadellearti.it\/\",\"logo\":{\"@type\":\"ImageObject\",\"inLanguage\":\"en-US\",\"@id\":\"https:\/\/www.accademiadellearti.it\/#\/schema\/logo\/image\/\",\"url\":\"https:\/\/www.accademiadellearti.it\/wp-content\/uploads\/2024\/06\/Marchio-Logo_Nero.svg\",\"contentUrl\":\"https:\/\/www.accademiadellearti.it\/wp-content\/uploads\/2024\/06\/Marchio-Logo_Nero.svg\",\"caption\":\"Accademia delle arti e nuove tecnologie\"},\"image\":{\"@id\":\"https:\/\/www.accademiadellearti.it\/#\/schema\/logo\/image\/\"}}]}<\/script>\n<!-- \/ Yoast SEO Premium plugin. -->","yoast_head_json":{"title":"Farms and projects - Accademia delle arti e nuove tecnologie","robots":{"index":"index","follow":"follow","max-snippet":"max-snippet:-1","max-image-preview":"max-image-preview:large","max-video-preview":"max-video-preview:-1"},"canonical":"https:\/\/www.accademiadellearti.it\/en\/artistic-research-and-production\/farms-and-projects\/","og_locale":"en_US","og_type":"article","og_title":"Farms and projects","og_description":"[vc_row el_class=&#8221;boxed-snodo&#8221;][vc_column width=&#8221;7\/12&#8243;][vc_column_text css=&#8221;&#8221;]AANT teaching is based on an integrated project that can combine moments of theoretical learning with practical opportunities in collaboration with institutional entities and national and international brands. For this reason, farms and projects with selected partners among the most well-known and prestigious enrich the training course with concrete experiences. Farms are [&hellip;]","og_url":"https:\/\/www.accademiadellearti.it\/en\/artistic-research-and-production\/farms-and-projects\/","og_site_name":"Accademia delle arti e nuove tecnologie","article_modified_time":"2025-04-11T04:17:03+00:00","twitter_card":"summary_large_image","twitter_misc":{"Est. reading time":"2 minutes"},"schema":{"@context":"https:\/\/schema.org","@graph":[{"@type":"WebPage","@id":"https:\/\/www.accademiadellearti.it\/en\/artistic-research-and-production\/farms-and-projects\/","url":"https:\/\/www.accademiadellearti.it\/en\/artistic-research-and-production\/farms-and-projects\/","name":"Farms and projects - Accademia delle arti e nuove tecnologie","isPartOf":{"@id":"https:\/\/www.accademiadellearti.it\/#website"},"datePublished":"2025-04-11T04:11:25+00:00","dateModified":"2025-04-11T04:17:03+00:00","breadcrumb":{"@id":"https:\/\/www.accademiadellearti.it\/en\/artistic-research-and-production\/farms-and-projects\/#breadcrumb"},"inLanguage":"en-US","potentialAction":[{"@type":"ReadAction","target":["https:\/\/www.accademiadellearti.it\/en\/artistic-research-and-production\/farms-and-projects\/"]}]},{"@type":"BreadcrumbList","@id":"https:\/\/www.accademiadellearti.it\/en\/artistic-research-and-production\/farms-and-projects\/#breadcrumb","itemListElement":[{"@type":"ListItem","position":1,"name":"Home","item":"https:\/\/www.accademiadellearti.it\/en\/"},{"@type":"ListItem","position":2,"name":"Artistic research and production","item":"https:\/\/www.accademiadellearti.it\/artistic-research-and-production\/"},{"@type":"ListItem","position":3,"name":"Farms and projects"}]},{"@type":"WebSite","@id":"https:\/\/www.accademiadellearti.it\/#website","url":"https:\/\/www.accademiadellearti.it\/","name":"Accademia delle arti e nuove tecnologie","description":"","publisher":{"@id":"https:\/\/www.accademiadellearti.it\/#organization"},"potentialAction":[{"@type":"SearchAction","target":{"@type":"EntryPoint","urlTemplate":"https:\/\/www.accademiadellearti.it\/?s={search_term_string}"},"query-input":{"@type":"PropertyValueSpecification","valueRequired":true,"valueName":"search_term_string"}}],"inLanguage":"en-US"},{"@type":"Organization","@id":"https:\/\/www.accademiadellearti.it\/#organization","name":"Accademia delle arti e nuove tecnologie","url":"https:\/\/www.accademiadellearti.it\/","logo":{"@type":"ImageObject","inLanguage":"en-US","@id":"https:\/\/www.accademiadellearti.it\/#\/schema\/logo\/image\/","url":"https:\/\/www.accademiadellearti.it\/wp-content\/uploads\/2024\/06\/Marchio-Logo_Nero.svg","contentUrl":"https:\/\/www.accademiadellearti.it\/wp-content\/uploads\/2024\/06\/Marchio-Logo_Nero.svg","caption":"Accademia delle arti e nuove tecnologie"},"image":{"@id":"https:\/\/www.accademiadellearti.it\/#\/schema\/logo\/image\/"}}]}},"_links":{"self":[{"href":"https:\/\/www.accademiadellearti.it\/en\/wp-json\/wp\/v2\/pages\/5417"}],"collection":[{"href":"https:\/\/www.accademiadellearti.it\/en\/wp-json\/wp\/v2\/pages"}],"about":[{"href":"https:\/\/www.accademiadellearti.it\/en\/wp-json\/wp\/v2\/types\/page"}],"author":[{"embeddable":true,"href":"https:\/\/www.accademiadellearti.it\/en\/wp-json\/wp\/v2\/users\/1"}],"replies":[{"embeddable":true,"href":"https:\/\/www.accademiadellearti.it\/en\/wp-json\/wp\/v2\/comments?post=5417"}],"version-history":[{"count":4,"href":"https:\/\/www.accademiadellearti.it\/en\/wp-json\/wp\/v2\/pages\/5417\/revisions"}],"predecessor-version":[{"id":5731,"href":"https:\/\/www.accademiadellearti.it\/en\/wp-json\/wp\/v2\/pages\/5417\/revisions\/5731"}],"up":[{"embeddable":true,"href":"https:\/\/www.accademiadellearti.it\/en\/wp-json\/wp\/v2\/pages\/5085"}],"wp:attachment":[{"href":"https:\/\/www.accademiadellearti.it\/en\/wp-json\/wp\/v2\/media?parent=5417"}],"curies":[{"name":"wp","href":"https:\/\/api.w.org\/{rel}","templated":true}]}}